{"id":10062,"date":"2026-03-26T23:43:12","date_gmt":"2026-03-27T04:43:12","guid":{"rendered":"https:\/\/web.aidi.team\/?post_type=product&#038;p=10062"},"modified":"2026-03-27T01:50:18","modified_gmt":"2026-03-27T06:50:18","slug":"license-champions-league-2025-2026","status":"publish","type":"product","link":"https:\/\/web.aidi.team\/en\/product\/license-champions-league-2025-2026\/","title":{"rendered":"Licencia Champions League 2025-2026"},"content":{"rendered":"<div class=\"description-product\">\n<p class=\"description-title\">\u2705 \u00bfQu\u00e9 incluye tu Licencia aidi Champions League 2025-2026?<\/p>\n<ul>\n<li><span style=\"font-weight: 600;\">Gesti\u00f3n de Grupos:<\/span>\u00a0Crea uno o varios grupos privados (empresa, familia, amigos) bajo una misma licencia.<\/li>\n<li><span style=\"font-weight: 600;\">Acceso R\u00e1pido:<\/span>\u00a0Genera enlaces directos de invitaci\u00f3n o c\u00f3digos \u00fanicos de acceso. \u00a1Sin descargas pesadas!<\/li>\n<li><span style=\"font-weight: 600;\">Automatizaci\u00f3n Total:<\/span> Cierre de predicciones autom\u00e1tico antes de cada pitazo inicial.<\/li>\n<li><span style=\"font-weight: 600;\">Ranking en Tiempo Real:<\/span> Clasificaci\u00f3n general actualizada al finalizar cada partido.<\/li>\n<li><span style=\"font-weight: 600;\">Marca e Identidad:<\/span> Personalizaci\u00f3n completa de cada grupo con nombre, logo y descripci\u00f3n.<\/li>\n<\/ul>\n<p class=\"description-title\">\ud83d\udce9 \u00bfQu\u00e9 sigue despu\u00e9s de tu compra?<\/p>\n<p>Tu licencia <span style=\"font-weight: 600;\">se activa autom\u00e1ticamente<\/span> con el mismo correo que registres en el formulario de pago. En segundos, recibir\u00e1s un email con las instrucciones sencillas para entrar a la plataforma y empezar a crear tus grupos.<\/p>\n<\/div>","protected":false},"excerpt":{"rendered":"<p><strong>Lleva la magia de las noches europeas a tu propio grupo de pron\u00f3sticos.<\/strong><\/p>\n<p>Haz que cada jornada de la Champions League 25\/26 sea una batalla por la gloria entre tus amigos, empresa o familia. Con la licencia aidi Champions, desbloqueas una experiencia premium con ranking automatizados y un sistema profesional de gesti\u00f3n de participantes.<\/p>","protected":false},"featured_media":10054,"template":"","meta":{"rs_blank_template":"","rs_page_bg_color":"","slide_template_v7":"","site-sidebar-layout":"default","site-content-layout":"","ast-site-content-layout":"default","site-content-style":"default","site-sidebar-style":"default","ast-global-header-display":"","ast-banner-title-visibility":"","ast-main-header-display":"","ast-hfb-above-header-display":"","ast-hfb-below-header-display":"","ast-hfb-mobile-header-display":"","site-post-title":"","ast-breadcrumbs-content":"","ast-featured-img":"","footer-sml-layout":"","ast-disable-related-posts":"","theme-transparent-header-meta":"default","adv-header-id-meta":"","stick-header-meta":"","header-above-stick-meta":"","header-main-stick-meta":"","header-below-stick-meta":"","astra-migrate-meta-layouts":"set","ast-page-background-enabled":"default","ast-page-background-meta":{"desktop":{"background-color":"var(--ast-global-color-4)","background-image":"","background-repeat":"repeat","background-position":"center center","background-size":"auto","background-attachment":"scroll","background-type":"","background-media":"","overlay-type":"","overlay-color":"","overlay-opacity":"","overlay-gradient":""},"tablet":{"background-color":"","background-image":"","background-repeat":"repeat","background-position":"center center","background-size":"auto","background-attachment":"scroll","background-type":"","background-media":"","overlay-type":"","overlay-color":"","overlay-opacity":"","overlay-gradient":""},"mobile":{"background-color":"","background-image":"","background-repeat":"repeat","background-position":"center center","background-size":"auto","background-attachment":"scroll","background-type":"","background-media":"","overlay-type":"","overlay-color":"","overlay-opacity":"","overlay-gradient":""}},"ast-content-background-meta":{"desktop":{"background-color":"var(--ast-global-color-5)","background-image":"","background-repeat":"repeat","background-position":"center center","background-size":"auto","background-attachment":"scroll","background-type":"","background-media":"","overlay-type":"","overlay-color":"","overlay-opacity":"","overlay-gradient":""},"tablet":{"background-color":"var(--ast-global-color-5)","background-image":"","background-repeat":"repeat","background-position":"center center","background-size":"auto","background-attachment":"scroll","background-type":"","background-media":"","overlay-type":"","overlay-color":"","overlay-opacity":"","overlay-gradient":""},"mobile":{"background-color":"var(--ast-global-color-5)","background-image":"","background-repeat":"repeat","background-position":"center center","background-size":"auto","background-attachment":"scroll","background-type":"","background-media":"","overlay-type":"","overlay-color":"","overlay-opacity":"","overlay-gradient":""}}},"product_brand":[],"product_cat":[87,86],"product_tag":[],"class_list":{"0":"post-10062","1":"product","2":"type-product","3":"status-publish","4":"has-post-thumbnail","6":"product_cat-aidi-play","7":"product_cat-licenses","8":"desktop-align-left","9":"tablet-align-left","10":"mobile-align-left","12":"first","13":"instock","14":"shipping-taxable","15":"purchasable","16":"product-type-variable"},"yoast_head":"<!-- This site is optimized with the Yoast SEO plugin v27.3 - https:\/\/yoast.com\/product\/yoast-seo-wordpress\/ -->\n<title>Licencia Champions League 2025-2026 | aidi Team<\/title>\n<meta name=\"robots\" content=\"noindex, follow, max-snippet:-1, max-image-preview:large, max-video-preview:-1\" \/>\n<meta property=\"og:locale\" content=\"en_US\" \/>\n<meta property=\"og:type\" content=\"article\" \/>\n<meta property=\"og:title\" content=\"Licencia Champions League 2025-2026 | aidi Team\" \/>\n<meta property=\"og:description\" content=\"Lleva la magia de las noches europeas a tu propio grupo de pron\u00f3sticos.  Haz que cada jornada de la Champions League 25\/26 sea una batalla por la gloria entre tus amigos, empresa o familia. Con la licencia aidi Champions, desbloqueas una experiencia premium con ranking automatizados y un sistema profesional de gesti\u00f3n de participantes.\" \/>\n<meta property=\"og:url\" content=\"https:\/\/web.aidi.team\/en\/product\/license-champions-league-2025-2026\/\" \/>\n<meta property=\"og:site_name\" content=\"aidi Team\" \/>\n<meta property=\"article:modified_time\" content=\"2026-03-27T06:50:18+00:00\" \/>\n<meta property=\"og:image\" content=\"https:\/\/web.aidi.team\/wp-content\/uploads\/2026\/03\/play-champions-main-2000px.webp\" \/>\n\t<meta property=\"og:image:width\" content=\"2000\" \/>\n\t<meta property=\"og:image:height\" content=\"2000\" \/>\n\t<meta property=\"og:image:type\" content=\"image\/webp\" \/>\n<meta name=\"twitter:card\" content=\"summary_large_image\" \/>\n<meta name=\"twitter:label1\" content=\"Est. reading time\" \/>\n\t<meta name=\"twitter:data1\" content=\"1 minute\" \/>\n<script type=\"application\/ld+json\" class=\"yoast-schema-graph\">{\"@context\":\"https:\\\/\\\/schema.org\",\"@graph\":[{\"@type\":\"WebPage\",\"@id\":\"https:\\\/\\\/web.aidi.team\\\/product\\\/license-champions-league-2025-2026\\\/\",\"url\":\"https:\\\/\\\/web.aidi.team\\\/product\\\/license-champions-league-2025-2026\\\/\",\"name\":\"Licencia Champions League 2025-2026 | aidi Team\",\"isPartOf\":{\"@id\":\"https:\\\/\\\/web.aidi.team\\\/#website\"},\"primaryImageOfPage\":{\"@id\":\"https:\\\/\\\/web.aidi.team\\\/product\\\/license-champions-league-2025-2026\\\/#primaryimage\"},\"image\":{\"@id\":\"https:\\\/\\\/web.aidi.team\\\/product\\\/license-champions-league-2025-2026\\\/#primaryimage\"},\"thumbnailUrl\":\"https:\\\/\\\/web.aidi.team\\\/wp-content\\\/uploads\\\/2026\\\/03\\\/play-champions-main-2000px.webp\",\"datePublished\":\"2026-03-27T04:43:12+00:00\",\"dateModified\":\"2026-03-27T06:50:18+00:00\",\"breadcrumb\":{\"@id\":\"https:\\\/\\\/web.aidi.team\\\/product\\\/license-champions-league-2025-2026\\\/#breadcrumb\"},\"inLanguage\":\"en-US\",\"potentialAction\":[{\"@type\":\"ReadAction\",\"target\":[\"https:\\\/\\\/web.aidi.team\\\/product\\\/license-champions-league-2025-2026\\\/\"]}]},{\"@type\":\"ImageObject\",\"inLanguage\":\"en-US\",\"@id\":\"https:\\\/\\\/web.aidi.team\\\/product\\\/license-champions-league-2025-2026\\\/#primaryimage\",\"url\":\"https:\\\/\\\/web.aidi.team\\\/wp-content\\\/uploads\\\/2026\\\/03\\\/play-champions-main-2000px.webp\",\"contentUrl\":\"https:\\\/\\\/web.aidi.team\\\/wp-content\\\/uploads\\\/2026\\\/03\\\/play-champions-main-2000px.webp\",\"width\":2000,\"height\":2000},{\"@type\":\"BreadcrumbList\",\"@id\":\"https:\\\/\\\/web.aidi.team\\\/product\\\/license-champions-league-2025-2026\\\/#breadcrumb\",\"itemListElement\":[{\"@type\":\"ListItem\",\"position\":1,\"name\":\"Inicio\",\"item\":\"https:\\\/\\\/web.aidi.team\\\/\"},{\"@type\":\"ListItem\",\"position\":2,\"name\":\"Tienda\",\"item\":\"https:\\\/\\\/web.aidi.team\\\/shop\\\/\"},{\"@type\":\"ListItem\",\"position\":3,\"name\":\"Licencia Champions League 2025-2026\"}]},{\"@type\":\"WebSite\",\"@id\":\"https:\\\/\\\/web.aidi.team\\\/#website\",\"url\":\"https:\\\/\\\/web.aidi.team\\\/\",\"name\":\"aidi Team\",\"description\":\"Comparte, conecta y crea nuevas oportunidades.\",\"publisher\":{\"@id\":\"https:\\\/\\\/web.aidi.team\\\/#organization\"},\"potentialAction\":[{\"@type\":\"SearchAction\",\"target\":{\"@type\":\"EntryPoint\",\"urlTemplate\":\"https:\\\/\\\/web.aidi.team\\\/?s={search_term_string}\"},\"query-input\":{\"@type\":\"PropertyValueSpecification\",\"valueRequired\":true,\"valueName\":\"search_term_string\"}}],\"inLanguage\":\"en-US\"},{\"@type\":\"Organization\",\"@id\":\"https:\\\/\\\/web.aidi.team\\\/#organization\",\"name\":\"aidi Team\",\"url\":\"https:\\\/\\\/web.aidi.team\\\/\",\"logo\":{\"@type\":\"ImageObject\",\"inLanguage\":\"en-US\",\"@id\":\"https:\\\/\\\/web.aidi.team\\\/#\\\/schema\\\/logo\\\/image\\\/\",\"url\":\"https:\\\/\\\/web.aidi.team\\\/wp-content\\\/uploads\\\/2024\\\/04\\\/aidi-blanco-sinfondo.png\",\"contentUrl\":\"https:\\\/\\\/web.aidi.team\\\/wp-content\\\/uploads\\\/2024\\\/04\\\/aidi-blanco-sinfondo.png\",\"width\":806,\"height\":301,\"caption\":\"aidi Team\"},\"image\":{\"@id\":\"https:\\\/\\\/web.aidi.team\\\/#\\\/schema\\\/logo\\\/image\\\/\"}}]}<\/script>\n<!-- \/ Yoast SEO plugin. -->","yoast_head_json":{"title":"Licencia Champions League 2025-2026 | aidi Team","robots":{"index":"noindex","follow":"follow","max-snippet":"max-snippet:-1","max-image-preview":"max-image-preview:large","max-video-preview":"max-video-preview:-1"},"og_locale":"en_US","og_type":"article","og_title":"Licencia Champions League 2025-2026 | aidi Team","og_description":"Lleva la magia de las noches europeas a tu propio grupo de pron\u00f3sticos.  Haz que cada jornada de la Champions League 25\/26 sea una batalla por la gloria entre tus amigos, empresa o familia. Con la licencia aidi Champions, desbloqueas una experiencia premium con ranking automatizados y un sistema profesional de gesti\u00f3n de participantes.","og_url":"https:\/\/web.aidi.team\/en\/product\/license-champions-league-2025-2026\/","og_site_name":"aidi Team","article_modified_time":"2026-03-27T06:50:18+00:00","og_image":[{"width":2000,"height":2000,"url":"https:\/\/web.aidi.team\/wp-content\/uploads\/2026\/03\/play-champions-main-2000px.webp","type":"image\/webp"}],"twitter_card":"summary_large_image","twitter_misc":{"Est. reading time":"1 minute"},"schema":{"@context":"https:\/\/schema.org","@graph":[{"@type":"WebPage","@id":"https:\/\/web.aidi.team\/product\/license-champions-league-2025-2026\/","url":"https:\/\/web.aidi.team\/product\/license-champions-league-2025-2026\/","name":"Licencia Champions League 2025-2026 | aidi Team","isPartOf":{"@id":"https:\/\/web.aidi.team\/#website"},"primaryImageOfPage":{"@id":"https:\/\/web.aidi.team\/product\/license-champions-league-2025-2026\/#primaryimage"},"image":{"@id":"https:\/\/web.aidi.team\/product\/license-champions-league-2025-2026\/#primaryimage"},"thumbnailUrl":"https:\/\/web.aidi.team\/wp-content\/uploads\/2026\/03\/play-champions-main-2000px.webp","datePublished":"2026-03-27T04:43:12+00:00","dateModified":"2026-03-27T06:50:18+00:00","breadcrumb":{"@id":"https:\/\/web.aidi.team\/product\/license-champions-league-2025-2026\/#breadcrumb"},"inLanguage":"en-US","potentialAction":[{"@type":"ReadAction","target":["https:\/\/web.aidi.team\/product\/license-champions-league-2025-2026\/"]}]},{"@type":"ImageObject","inLanguage":"en-US","@id":"https:\/\/web.aidi.team\/product\/license-champions-league-2025-2026\/#primaryimage","url":"https:\/\/web.aidi.team\/wp-content\/uploads\/2026\/03\/play-champions-main-2000px.webp","contentUrl":"https:\/\/web.aidi.team\/wp-content\/uploads\/2026\/03\/play-champions-main-2000px.webp","width":2000,"height":2000},{"@type":"BreadcrumbList","@id":"https:\/\/web.aidi.team\/product\/license-champions-league-2025-2026\/#breadcrumb","itemListElement":[{"@type":"ListItem","position":1,"name":"Inicio","item":"https:\/\/web.aidi.team\/"},{"@type":"ListItem","position":2,"name":"Tienda","item":"https:\/\/web.aidi.team\/shop\/"},{"@type":"ListItem","position":3,"name":"Licencia Champions League 2025-2026"}]},{"@type":"WebSite","@id":"https:\/\/web.aidi.team\/#website","url":"https:\/\/web.aidi.team\/","name":"aidi Team","description":"Share, connect and create new opportunities.","publisher":{"@id":"https:\/\/web.aidi.team\/#organization"},"potentialAction":[{"@type":"SearchAction","target":{"@type":"EntryPoint","urlTemplate":"https:\/\/web.aidi.team\/?s={search_term_string}"},"query-input":{"@type":"PropertyValueSpecification","valueRequired":true,"valueName":"search_term_string"}}],"inLanguage":"en-US"},{"@type":"Organization","@id":"https:\/\/web.aidi.team\/#organization","name":"aidi Team","url":"https:\/\/web.aidi.team\/","logo":{"@type":"ImageObject","inLanguage":"en-US","@id":"https:\/\/web.aidi.team\/#\/schema\/logo\/image\/","url":"https:\/\/web.aidi.team\/wp-content\/uploads\/2024\/04\/aidi-blanco-sinfondo.png","contentUrl":"https:\/\/web.aidi.team\/wp-content\/uploads\/2024\/04\/aidi-blanco-sinfondo.png","width":806,"height":301,"caption":"aidi Team"},"image":{"@id":"https:\/\/web.aidi.team\/#\/schema\/logo\/image\/"}}]}},"_links":{"self":[{"href":"https:\/\/web.aidi.team\/en\/wp-json\/wp\/v2\/product\/10062","targetHints":{"allow":["GET"]}}],"collection":[{"href":"https:\/\/web.aidi.team\/en\/wp-json\/wp\/v2\/product"}],"about":[{"href":"https:\/\/web.aidi.team\/en\/wp-json\/wp\/v2\/types\/product"}],"wp:featuredmedia":[{"embeddable":true,"href":"https:\/\/web.aidi.team\/en\/wp-json\/wp\/v2\/media\/10054"}],"wp:attachment":[{"href":"https:\/\/web.aidi.team\/en\/wp-json\/wp\/v2\/media?parent=10062"}],"wp:term":[{"taxonomy":"product_brand","embeddable":true,"href":"https:\/\/web.aidi.team\/en\/wp-json\/wp\/v2\/product_brand?post=10062"},{"taxonomy":"product_cat","embeddable":true,"href":"https:\/\/web.aidi.team\/en\/wp-json\/wp\/v2\/product_cat?post=10062"},{"taxonomy":"product_tag","embeddable":true,"href":"https:\/\/web.aidi.team\/en\/wp-json\/wp\/v2\/product_tag?post=10062"}],"curies":[{"name":"wp","href":"https:\/\/api.w.org\/{rel}","templated":true}]}}